{"id":231031,"date":"2025-03-18T07:54:29","date_gmt":"2025-03-18T07:54:29","guid":{"rendered":"https:\/\/sources-matter.com\/?page_id=231031"},"modified":"2026-02-17T10:36:41","modified_gmt":"2026-02-17T10:36:41","slug":"blog-aktuality-clanky","status":"publish","type":"page","link":"https:\/\/sources-matter.com\/en\/blog-aktuality-clanky","title":{"rendered":"Blog"},"content":{"rendered":"<p>[et_pb_section fb_built=&#8220;1&#8243; _builder_version=&#8220;4.27.4&#8243; _module_preset=&#8220;default&#8220; background_color=&#8220;rgba(0,38,71,0.1)&#8220; custom_margin=&#8220;0px||||false|false&#8220; custom_padding=&#8220;100px|||||&#8220; top_divider_height=&#8220;200px&#8220; top_divider_flip=&#8220;vertical|horizontal&#8220; top_divider_height_tablet=&#8220;&#8220; top_divider_height_phone=&#8220;50px&#8220; top_divider_height_last_edited=&#8220;on|phone&#8220; scroll_fade=&#8220;0|40|40|100|0|100|100&#8243; scroll_fade_tablet=&#8220;&#8220; scroll_fade_phone=&#8220;0|25|25|100|0%|100|100&#8243; scroll_fade_last_edited=&#8220;on|phone&#8220; global_colors_info=&#8220;{}&#8220;][et_pb_row _builder_version=&#8220;4.16&#8243; _module_preset=&#8220;default&#8220; global_colors_info=&#8220;{}&#8220;][et_pb_column type=&#8220;4_4&#8243; _builder_version=&#8220;4.16&#8243; _module_preset=&#8220;default&#8220; global_colors_info=&#8220;{}&#8220;][et_pb_text _builder_version=&#8220;4.27.4&#8243; _module_preset=&#8220;default&#8220; header_4_font=&#8220;|&#8211;et_global_body_font_weight||on|||||&#8220; header_4_text_align=&#8220;center&#8220; header_4_text_color=&#8220;#C53F4C&#8220; header_4_font_size=&#8220;16px&#8220; header_4_letter_spacing=&#8220;2px&#8220; header_4_line_height=&#8220;1.2em&#8220; custom_margin=&#8220;0px||0px||false|false&#8220; custom_padding=&#8220;0px||0px||false|false&#8220; global_colors_info=&#8220;{}&#8220;]<\/p>\n<h4>Aktualizace<\/h4>\n<p>[\/et_pb_text][et_pb_text _builder_version=&#8220;4.26.0&#8243; _module_preset=&#8220;default&#8220; header_2_font=&#8220;|700|||||||&#8220; header_2_text_align=&#8220;center&#8220; header_2_text_color=&#8220;#222222&#8243; header_2_font_size=&#8220;45px&#8220; header_2_line_height=&#8220;1.2em&#8220; custom_margin=&#8220;0px||20px||false|false&#8220; custom_margin_tablet=&#8220;0px||20px||false|false&#8220; custom_margin_phone=&#8220;0px||10px||false|false&#8220; custom_margin_last_edited=&#8220;on|phone&#8220; custom_padding=&#8220;0px||0px||false|false&#8220; header_2_font_size_tablet=&#8220;54px&#8220; header_2_font_size_phone=&#8220;30px&#8220; header_2_font_size_last_edited=&#8220;on|phone&#8220; global_colors_info=&#8220;{}&#8220;]<\/p>\n<h2>Novinky, kter\u00e9 v\u00e1s obohat\u00ed<\/h2>\n<p>[\/et_pb_text][\/et_pb_column][\/et_pb_row][et_pb_row _builder_version=&#8220;4.16&#8243; _module_preset=&#8220;default&#8220; global_colors_info=&#8220;{}&#8220;][et_pb_column type=&#8220;4_4&#8243; _builder_version=&#8220;4.16&#8243; _module_preset=&#8220;default&#8220; global_colors_info=&#8220;{}&#8220;][et_pb_blog fullwidth=&#8220;off&#8220; posts_number=&#8220;3&#8243; include_categories=&#8220;current,all&#8220; use_manual_excerpt=&#8220;off&#8220; excerpt_length=&#8220;100&#8243; show_author=&#8220;off&#8220; show_categories=&#8220;off&#8220; show_pagination=&#8220;off&#8220; masonry_tile_background_color=&#8220;RGBA(255,255,255,0)&#8220; _builder_version=&#8220;4.27.4&#8243; _module_preset=&#8220;default&#8220; header_font=&#8220;|700|||||||&#8220; header_font_size=&#8220;20px&#8220; header_line_height=&#8220;1.5em&#8220; body_font=&#8220;||||||||&#8220; body_text_color=&#8220;#454d5b&#8220; body_line_height=&#8220;1.6em&#8220; meta_font=&#8220;|300|||||||&#8220; meta_text_color=&#8220;#c53f4c&#8220; read_more_font=&#8220;|800|||||||&#8220; read_more_text_color=&#8220;#c53f4c&#8220; read_more_line_height=&#8220;3em&#8220; pagination_font=&#8220;||||||||&#8220; pagination_text_color=&#8220;#c53f4c&#8220; border_width_all=&#8220;0px&#8220; border_radii_image=&#8220;on|18px|18px|18px|18px&#8220; global_colors_info=&#8220;{}&#8220; box_shadow_spread__hover_enabled=&#8220;on|hover&#8220; box_shadow_spread__hover=&#8220;-5px&#8220;][\/et_pb_blog][\/et_pb_column][\/et_pb_row][\/et_pb_section][et_pb_section fb_built=&#8220;1&#8243; _builder_version=&#8220;4.27.4&#8243; _module_preset=&#8220;default&#8220; background_color=&#8220;rgba(0,38,71,0.1)&#8220; custom_padding=&#8220;0px|||||&#8220; global_colors_info=&#8220;{}&#8220;][et_pb_row column_structure=&#8220;1_3,2_3&#8243; _builder_version=&#8220;4.24.1&#8243; _module_preset=&#8220;default&#8220; global_colors_info=&#8220;{}&#8220;][et_pb_column type=&#8220;1_3&#8243; _builder_version=&#8220;4.16&#8243; _module_preset=&#8220;default&#8220; global_colors_info=&#8220;{}&#8220;][et_pb_sidebar area=&#8220;sidebar-1&#8243; disabled_on=&#8220;on|off|off&#8220; _builder_version=&#8220;4.27.5&#8243; _module_preset=&#8220;default&#8220; header_font=&#8220;|700|||||||&#8220; header_text_color=&#8220;#000000&#8243; header_font_size=&#8220;23px&#8220; body_font=&#8220;||||||||&#8220; body_text_color=&#8220;#000000&#8243; body_font_size=&#8220;16px&#8220; body_line_height=&#8220;1.5em&#8220; background_color=&#8220;#FFFFFF&#8220; custom_margin=&#8220;0px||0px||false|false&#8220; custom_padding=&#8220;55px|50px|0px|50px|false|false&#8220; sticky_position=&#8220;top&#8220; sticky_offset_top=&#8220;10px&#8220; sticky_limit_bottom=&#8220;section&#8220; hover_enabled=&#8220;0&#8243; sticky_position_tablet=&#8220;top&#8220; sticky_position_phone=&#8220;none&#8220; sticky_position_last_edited=&#8220;on|phone&#8220; border_radii=&#8220;on|16px|16px|16px|16px&#8220; global_colors_info=&#8220;{}&#8220; sticky_enabled=&#8220;0&#8243;][\/et_pb_sidebar][et_pb_code _builder_version=&#8220;4.27.5&#8243; _module_preset=&#8220;default&#8220; custom_margin=&#8220;15px||15px||true|false&#8220; sticky_position=&#8220;top&#8220; sticky_limit_bottom=&#8220;section&#8220; hover_enabled=&#8220;0&#8243; sticky_position_tablet=&#8220;top&#8220; sticky_position_phone=&#8220;top&#8220; sticky_position_last_edited=&#8220;on|desktop&#8220; global_colors_info=&#8220;{}&#8220; custom_css_free_form=&#8220;button{ ||  font-size: 15px !important;||       ||border-radius:13px !important;}||||div.ec-v-form-input{border-radius:13px !important; }||||.form button.ec-v-form-button{font-size: 15px !important}||.form h2.ec-v-form-text {font-size: 28px !important}||input.ec-v-forms-form-control{border-radius:13px !important;||font-size: 15px !important}||||form.ec-v-form-text p{font-size: 20px !important}&#8220; sticky_enabled=&#8220;0&#8243; custom_padding=&#8220;||30px||false|false&#8220;]<script><!-- [et_pb_line_break_holder] -->        (function (w,d,s,o,f,js,fjs) {<!-- [et_pb_line_break_holder] -->            w['ecm-widget']=o;w[o] = w[o] || function () { (w[o].q = w[o].q || []).push(arguments) };<!-- [et_pb_line_break_holder] -->            js = d.createElement(s), fjs = d.getElementsByTagName(s)[0];<!-- [et_pb_line_break_holder] -->            js.id = '12-04d9c95424b2f28aaece6f953bb0e4aa'; js.dataset.a = 'sourcesmatter'; js.src = f; js.async = 1; fjs.parentNode.insertBefore(js, fjs);<!-- [et_pb_line_break_holder] -->        }(window, document, 'script', 'ecmwidget', 'https:\/\/d70shl7vidtft.cloudfront.net\/widget.js'));<!-- [et_pb_line_break_holder] -->    <\/script><!-- [et_pb_line_break_holder] -->            <\/p>\n<div id=\"f-12-04d9c95424b2f28aaece6f953bb0e4aa\"><\/div>\n<p><!-- [et_pb_line_break_holder] -->\t\t\t[\/et_pb_code][\/et_pb_column][et_pb_column type=&#8220;2_3&#8243; _builder_version=&#8220;4.16&#8243; _module_preset=&#8220;default&#8220; global_colors_info=&#8220;{}&#8220;][et_pb_blog fullwidth=&#8220;off&#8220; posts_number=&#8220;100&#8243; include_categories=&#8220;all&#8220; excerpt_length=&#8220;100&#8243; show_author=&#8220;off&#8220; show_categories=&#8220;off&#8220; offset_number=&#8220;3&#8243; masonry_tile_background_color=&#8220;RGBA(255,255,255,0)&#8220; _builder_version=&#8220;4.27.4&#8243; _module_preset=&#8220;default&#8220; header_font=&#8220;|800|||||||&#8220; header_font_size=&#8220;20px&#8220; header_line_height=&#8220;1.7em&#8220; body_font=&#8220;||||||||&#8220; body_text_align=&#8220;left&#8220; body_text_color=&#8220;#454d5b&#8220; body_line_height=&#8220;1.8em&#8220; meta_text_color=&#8220;#C53F4C&#8220; read_more_font=&#8220;|800|||||||&#8220; read_more_text_color=&#8220;#C53F4C&#8220; read_more_font_size=&#8220;16px&#8220; read_more_line_height=&#8220;3em&#8220; background_enable_color=&#8220;off&#8220; border_width_all=&#8220;0px&#8220; border_radii_image=&#8220;on|18px|18px|18px|18px&#8220; global_colors_info=&#8220;{}&#8220;][\/et_pb_blog][\/et_pb_column][\/et_pb_row][et_pb_row column_structure=&#8220;1_3,2_3&#8243; _builder_version=&#8220;4.24.1&#8243; _module_preset=&#8220;default&#8220; global_colors_info=&#8220;{}&#8220;][et_pb_column type=&#8220;1_3&#8243; _builder_version=&#8220;4.16&#8243; _module_preset=&#8220;default&#8220; global_colors_info=&#8220;{}&#8220;][\/et_pb_column][et_pb_column type=&#8220;2_3&#8243; _builder_version=&#8220;4.16&#8243; _module_preset=&#8220;default&#8220; global_colors_info=&#8220;{}&#8220;][et_pb_blog fullwidth=&#8220;off&#8220; posts_number=&#8220;100&#8243; include_categories=&#8220;all&#8220; excerpt_length=&#8220;100&#8243; show_author=&#8220;off&#8220; show_categories=&#8220;off&#8220; offset_number=&#8220;3&#8243; masonry_tile_background_color=&#8220;RGBA(255,255,255,0)&#8220; _builder_version=&#8220;4.27.4&#8243; _module_preset=&#8220;default&#8220; header_font=&#8220;|800|||||||&#8220; header_font_size=&#8220;20px&#8220; header_line_height=&#8220;1.7em&#8220; body_font=&#8220;||||||||&#8220; body_text_align=&#8220;left&#8220; body_text_color=&#8220;#454d5b&#8220; body_line_height=&#8220;1.8em&#8220; meta_text_color=&#8220;#C53F4C&#8220; read_more_font=&#8220;|800|||||||&#8220; read_more_text_color=&#8220;#C53F4C&#8220; read_more_font_size=&#8220;16px&#8220; read_more_line_height=&#8220;3em&#8220; background_enable_color=&#8220;off&#8220; border_width_all=&#8220;0px&#8220; border_radii_image=&#8220;on|18px|18px|18px|18px&#8220; global_colors_info=&#8220;{}&#8220;][\/et_pb_blog][\/et_pb_column][\/et_pb_row][\/et_pb_section]<\/p>\n","protected":false},"excerpt":{"rendered":"<p>AktualizaceNovinky, kter\u00e9 v\u00e1s obohat\u00ed<\/p>","protected":false},"author":1,"featured_media":0,"parent":0,"menu_order":0,"comment_status":"closed","ping_status":"closed","template":"","meta":{"_et_pb_use_builder":"on","_et_pb_old_content":"","_et_gb_content_width":"","footnotes":""},"class_list":["post-231031","page","type-page","status-publish","hentry"],"_links":{"self":[{"href":"https:\/\/sources-matter.com\/en\/wp-json\/wp\/v2\/pages\/231031","targetHints":{"allow":["GET"]}}],"collection":[{"href":"https:\/\/sources-matter.com\/en\/wp-json\/wp\/v2\/pages"}],"about":[{"href":"https:\/\/sources-matter.com\/en\/wp-json\/wp\/v2\/types\/page"}],"author":[{"embeddable":true,"href":"https:\/\/sources-matter.com\/en\/wp-json\/wp\/v2\/users\/1"}],"replies":[{"embeddable":true,"href":"https:\/\/sources-matter.com\/en\/wp-json\/wp\/v2\/comments?post=231031"}],"version-history":[{"count":74,"href":"https:\/\/sources-matter.com\/en\/wp-json\/wp\/v2\/pages\/231031\/revisions"}],"predecessor-version":[{"id":232162,"href":"https:\/\/sources-matter.com\/en\/wp-json\/wp\/v2\/pages\/231031\/revisions\/232162"}],"wp:attachment":[{"href":"https:\/\/sources-matter.com\/en\/wp-json\/wp\/v2\/media?parent=231031"}],"curies":[{"name":"wp","href":"https:\/\/api.w.org\/{rel}","templated":true}]}}